{"id":27814,"date":"2021-01-27T08:23:10","date_gmt":"2021-01-27T08:23:10","guid":{"rendered":"https:\/\/finalbuttons.com\/k-v-k-k\/"},"modified":"2023-06-19T14:33:50","modified_gmt":"2023-06-19T14:33:50","slug":"politica-de-privacidad","status":"publish","type":"page","link":"https:\/\/finaldugme.com\/es\/politica-de-privacidad\/","title":{"rendered":"Pol\u00edtica De Privacidad"},"content":{"rendered":"\t\t<div data-elementor-type=\"wp-page\" data-elementor-id=\"27814\" class=\"elementor elementor-27814\">\n\t\t\t\t\t\t\t\t\t<section class=\"elementor-section elementor-top-section elementor-element elementor-element-2b1184b0 elementor-section-boxed elementor-section-height-default elementor-section-height-default sc_fly_static\" data-id=\"2b1184b0\" data-element_type=\"section\" data-settings=\"{&quot;background_background&quot;:&quot;classic&quot;}\">\n\t\t\t\t\t\t<div class=\"elementor-container elementor-column-gap-extended\">\n\t\t\t\t\t<div class=\"elementor-column elementor-col-100 elementor-top-column elementor-element elementor-element-153e1c19 sc_inner_width_none sc_content_align_inherit sc_layouts_column_icons_position_left sc_fly_static\" data-id=\"153e1c19\" data-element_type=\"column\">\n\t\t\t<div class=\"elementor-widget-wrap elementor-element-populated\">\n\t\t\t\t\t\t\t\t<div class=\"elementor-element elementor-element-54db29de sc_fly_static elementor-widget elementor-widget-text-editor\" data-id=\"54db29de\" data-element_type=\"widget\" data-widget_type=\"text-editor.default\">\n\t\t\t\t<div class=\"elementor-widget-container\">\n\t\t\t\t\t\t\t<div class=\"about-compnay-two no-bg section-spacing\"><div class=\"overlay\"><div class=\"container\"><div class=\"row\"><div class=\"col-xl-9 col-lg-8 col-12 text order-lg-last\"><div class=\"icrk1\"><p>Como Final D\u00fc\u011fme; Hemos preparado este texto aclaratorio con el fin de informarle a usted, a nuestros Visitantes, Visitantes en l\u00ednea, Clientes, Clientes potenciales, Empleados de proveedores y Autoridades de proveedores, respecto del procesamiento, almacenamiento y transferencia de sus datos personales en el marco de la Ley N\u00b0 6698 sobre la Protecci\u00f3n de Datos Personales (&#8220;KVKK&#8221;) y la legislaci\u00f3n y las normas legales relacionadas. .<\/p><p>1) \u00bfCu\u00e1les son sus categor\u00edas de datos personales que procesamos y con qu\u00e9 fines los procesamos?<\/p><p>La informaci\u00f3n personal de nuestros socios comerciales es proporcionada por Final D\u00fc\u011fme en 4.2. estipulado en el art\u00edculo;<\/p><p>(i) Cumplimiento de la ley y las normas de honestidad,<\/p><p>(ii) Ser exactos y actualizados cuando sea necesario,<\/p><p>(iii) Tratamiento para fines determinados, expl\u00edcitos y leg\u00edtimos,<\/p><p>(iv) Estar conectados, limitados y proporcionados a la finalidad para la que son tratados,<\/p><p>(v) Conservar durante el plazo exigido por la legislaci\u00f3n aplicable o para la finalidad para la que sean tratados,<\/p><p>De acuerdo con los principios de nuestros socios comerciales, dentro del \u00e1mbito de nuestras relaciones comerciales en curso (es posible que una persona pertenezca a m\u00e1s de una categor\u00eda), puede ser procesada para los fines que se indican a continuaci\u00f3n.<\/p><p>Nuestros Visitantes<br \/>Informaci\u00f3n de seguridad de la ubicaci\u00f3n f\u00edsica de nuestros visitantes (por ejemplo, grabaciones de c\u00e1maras);<\/p><p>a) Ser\u00e1n tratados con la finalidad de garantizar la seguridad del espacio f\u00edsico.<br \/>Nuestros visitantes en l\u00ednea<br \/>Informaci\u00f3n de seguridad de transacciones de nuestros visitantes en l\u00ednea que utilizan nuestro sitio web (p. ej., la informaci\u00f3n de su direcci\u00f3n IP) e informaci\u00f3n de identidad (si nos notifica al respecto), informaci\u00f3n de contacto (p. ej., su direcci\u00f3n de correo electr\u00f3nico);<\/p><p>a) Realizar las actividades de conformidad con la legislaci\u00f3n,<br \/>b) Ejecuci\u00f3n de procesos de seguridad de la informaci\u00f3n,<br \/>c) Seguimiento de solicitudes\/quejas,<br \/>d) Realizaci\u00f3n de actividades de comunicaci\u00f3n,<br \/>e) Dar informaci\u00f3n a las personas, instituciones y organizaciones autorizadas,<br \/>f) Se procesar\u00e1 para permitirle acceder a nuestro sitio web a trav\u00e9s de Internet.<\/p><p>Nuestros clientes<\/p><p>Informaci\u00f3n de identidad, informaci\u00f3n de contacto, informaci\u00f3n de transacciones del cliente (p. ej., informaci\u00f3n de pedidos), informaci\u00f3n de seguridad de la ubicaci\u00f3n f\u00edsica, informaci\u00f3n financiera (p. ej., informaci\u00f3n del balance), informaci\u00f3n de transacciones legales, informaci\u00f3n de marketing (p. ej., informaci\u00f3n del historial de compras);<\/p><p>a) Realizar las actividades de conformidad con la legislaci\u00f3n,<br \/>b) Realizaci\u00f3n de trabajos financieros y contables,<br \/>c) ejecuci\u00f3n\/supervisi\u00f3n de actividades comerciales,<br \/>d) Ejecuci\u00f3n de actividades log\u00edsticas,<br \/>e) Realizaci\u00f3n de servicios de soporte postventa de bienes\/servicios,<br \/>f) Ejecuci\u00f3n de procesos de venta de bienes\/servicios,<br \/>g) Realizaci\u00f3n de estudios de an\u00e1lisis de mercado,<br \/>h) ejecutar los procesos del contrato,<br \/>i) Dar informaci\u00f3n a las personas, instituciones y organizaciones autorizadas,<br \/>j) garantizar la seguridad del espacio f\u00edsico,<br \/>k) Resolver disputas legales,<br \/>l) Dar seguimiento a las solicitudes y\/o quejas,<br \/>m) Llevar a cabo los procesos de gesti\u00f3n de la relaci\u00f3n y satisfacci\u00f3n de los clientes<br \/>n) Realizar actividades encaminadas a la satisfacci\u00f3n del cliente,<br \/>o) Realizar actividades de almacenamiento y archivo,<br \/>p) Ejecuci\u00f3n de procesos de publicidad\/campa\u00f1a\/promoci\u00f3n,<br \/>q) Conducir los procesos de compromiso con la empresa\/producto\/servicios,<br \/>r) Ser\u00e1n tratados con la finalidad de realizar actividades de comunicaci\u00f3n.<br \/>Nuestros Clientes Potenciales<br \/>Informaci\u00f3n de identidad, informaci\u00f3n de contacto, informaci\u00f3n de transacciones de clientes, informaci\u00f3n de seguridad de ubicaci\u00f3n f\u00edsica, informaci\u00f3n de marketing de empleados y\/o clientes de nuestros clientes personas f\u00edsicas o jur\u00eddicas;<\/p><p>a) Gesti\u00f3n de procesos de venta de bienes\/servicios,<br \/>b) Ejecuci\u00f3n de procesos contractuales,<br \/>c) garantizar la seguridad del espacio f\u00edsico,<br \/>d) Ejecuci\u00f3n de procesos de publicidad\/campa\u00f1a\/promoci\u00f3n,<br \/>e) Ser\u00e1n tratados con la finalidad de realizar estudios de an\u00e1lisis de marketing<br \/>Empleado de nuestro proveedor<\/p><p>Informaci\u00f3n de identidad, informaci\u00f3n de contacto, informaci\u00f3n de seguridad del espacio f\u00edsico, informaci\u00f3n de la experiencia profesional de nuestro empleado proveedor (p. ej., informaci\u00f3n de capacitaci\u00f3n en el trabajo);<\/p><p>a) realizar actividades de comunicaci\u00f3n,<br \/>b) ejecuci\u00f3n\/supervisi\u00f3n de actividades comerciales,<br \/>c) garantizar la seguridad del espacio f\u00edsico,<br \/>d) Ejecuci\u00f3n de procesos de gesti\u00f3n de la cadena de suministro,<br \/>e) Ejecuci\u00f3n de actividades log\u00edsticas,<br \/>f) Realizar las actividades de conformidad con la legislaci\u00f3n,<br \/>g) Ser\u00e1n tratados con la finalidad de realizar actividades de seguridad\/ salud en el trabajo.<br \/>Nuestra Autoridad de Proveedores<br \/>Informaci\u00f3n de identidad, informaci\u00f3n de contacto, seguridad del espacio f\u00edsico, informaci\u00f3n de transacciones de clientes, informaci\u00f3n financiera, informaci\u00f3n de marketing, informaci\u00f3n de transacciones legales de nuestros proveedores de personas f\u00edsicas o autoridades de proveedores de personas jur\u00eddicas;<\/p><p>a) conducci\u00f3n\/supervisi\u00f3n de actividades comerciales,<br \/>b) realizar actividades de comunicaci\u00f3n,<br \/>c) Conducir los procesos de adquisici\u00f3n de bienes\/servicios,<br \/>d) Realizaci\u00f3n de servicios de soporte postventa de bienes\/servicios,<br \/>e) Realizaci\u00f3n de trabajos financieros y contables,<br \/>f) Ejecuci\u00f3n de procesos contractuales,<br \/>g) Ejecuci\u00f3n de procesos de inversi\u00f3n,<br \/>h) garantizar la seguridad del espacio f\u00edsico,<br \/>i) Ser\u00e1n tratados con la finalidad de seguimiento y ejecuci\u00f3n de asuntos jur\u00eddicos.<br \/>2) \u00bfCu\u00e1les son los m\u00e9todos de recopilaci\u00f3n de sus datos personales?<\/p><p>Sus datos personales especificados anteriormente en categor\u00edas; a trav\u00e9s de medios f\u00edsicos como formularios de pedido, contratos, formularios de visitantes o a trav\u00e9s de sistemas de informaci\u00f3n y dispositivos electr\u00f3nicos (por ejemplo, infraestructura de telecomunicaciones, computadoras y tel\u00e9fonos), terceros (por ejemplo, KKB y Findeks), nuestro sitio web y otros documentos declarados por el interesado. o recogida por medios no autom\u00e1ticos.<\/p><p>3) \u00bfCu\u00e1l es la raz\u00f3n legal para recopilar sus datos personales?<\/p><p>Sus datos personales, por Final D\u00fc\u011fme; De acuerdo con la realizaci\u00f3n de los fines descritos anteriormente, como se especifica en el art\u00edculo 5 de la KVKK;<\/p><p>(i) expl\u00edcitamente estipulado en las leyes,<\/p><p>(ii) siempre que est\u00e9 directamente relacionado con el establecimiento o ejecuci\u00f3n de un contrato; Es necesario tratar los datos personales de las partes del contrato,<\/p><p>(iii) es obligatorio para el responsable del tratamiento cumplir con su obligaci\u00f3n legal,<\/p><p>(iv) el tratamiento de datos es obligatorio para el establecimiento, ejercicio o protecci\u00f3n de un derecho,<\/p><p>(v) Siempre que no perjudique los derechos y libertades fundamentales del interesado, el tratamiento de datos es obligatorio para los intereses leg\u00edtimos del responsable del tratamiento, por motivos legales.<\/p><p>Cuando la actividad de procesamiento de datos no puede basarse en una de las razones legales anteriores, sus datos personales se procesan en base a su consentimiento expl\u00edcito.<\/p><p>4) \u00bfTransferimos sus datos personales a un tercero?<\/p><p>a) Los datos personales de nuestros visitantes pueden compartirse con las autoridades policiales y judiciales para resolver disputas legales y previa solicitud de acuerdo con la legislaci\u00f3n pertinente.<br \/>b) Los datos personales de nuestros visitantes en l\u00ednea pueden ser compartidos con autoridades judiciales e instituciones y organizaciones p\u00fablicas autorizadas, previa solicitud, para resolver disputas legales y de conformidad con la legislaci\u00f3n pertinente.<br \/>c) Los datos personales de nuestros clientes, a las instituciones y organismos p\u00fablicos autorizados para la realizaci\u00f3n de actividades de conformidad con la legislaci\u00f3n, para el seguimiento y ejecuci\u00f3n de los asuntos jur\u00eddicos, y para informar a las personas, instituciones y organismos autorizados, en los t\u00e9rminos previstos por la regulaciones legales; Se transfiere a las empresas de nuestro grupo, proveedores, empresas de carga, compa\u00f1\u00edas de seguros, bancos y nuestros asesores financieros en la medida necesaria para realizar\/auditar actividades comerciales, llevar a cabo procesos de gesti\u00f3n de riesgos y prestar nuestros servicios adecuadamente. Adem\u00e1s, los datos personales en cuesti\u00f3n podr\u00e1n ser cedidos al despacho de abogados y autoridades judiciales de los que recibimos servicios para que puedan ser utilizados como prueba en litigios legales que puedan surgir en el futuro.<br \/>d) Los datos personales pertenecientes a nuestros clientes potenciales podr\u00e1n ser transferidos al estudio de abogados y autoridades judiciales de los que recibimos servicios para que puedan ser utilizados como prueba en disputas legales que puedan surgir en el futuro.<br \/>e) Datos personales pertenecientes a nuestro empleado proveedor, a instituciones y organizaciones p\u00fablicas autorizadas con el fin de realizar actividades de conformidad con la legislaci\u00f3n, seguir y ejecutar asuntos legales, informar a las personas, instituciones y organizaciones autorizadas y realizar\/supervisar actividades comerciales, dentro de el alcance que se\u00f1ale la normativa legal; Para la adecuada realizaci\u00f3n del servicio, se transfiere a empresas del grupo, proveedores, empresas de carga, bancos y nuestros asesores financieros en la medida necesaria. Adem\u00e1s, los datos personales en cuesti\u00f3n podr\u00e1n ser cedidos al despacho de abogados y autoridades judiciales de los que recibimos servicios para que puedan ser utilizados como prueba en litigios legales que puedan surgir en el futuro.<br \/>f) Datos personales pertenecientes a nuestro representante de proveedores, a instituciones y organizaciones p\u00fablicas autorizadas con el fin de realizar actividades de conformidad con la legislaci\u00f3n, seguir y ejecutar asuntos legales, informar a las personas, instituciones y organizaciones autorizadas y realizar\/supervisar actividades comerciales, dentro del alcance que establezcan las normas legales; Se transfiere a empresas del grupo, proveedores, empresas de carga, bancos y nuestros asesores financieros en la medida necesaria para la adecuada realizaci\u00f3n del servicio. Adem\u00e1s, los datos personales en cuesti\u00f3n podr\u00e1n ser cedidos al despacho de abogados y autoridades judiciales de los que recibimos servicios para que puedan ser utilizados como prueba en litigios legales que puedan surgir en el futuro.<br \/>5) \u00bfTransferimos sus datos personales al extranjero?<\/p><p>Como Final D\u00fc\u011fme, no transferimos sus datos personales al extranjero.<\/p><p>6) \u00bfC\u00f3mo puede ejercer sus derechos con respecto a sus datos personales?<\/p><p>Para facilitar sus solicitudes en el \u00e1mbito del art\u00edculo 11 de la KVKK, que regula los derechos de las personas interesadas, de conformidad con el \u201cComunicado sobre los procedimientos y principios de aplicaci\u00f3n al controlador de datos\u201d ubicado en la direcci\u00f3n \u201chttps: \/\/finaldugme.com\/\u201d de Final D\u00fc\u011fme. Puede envi\u00e1rnoslo a trav\u00e9s del \u201cFormulario de solicitud al controlador de datos\u201d preparado.<\/p><p>Controlador de datos: Final D\u00fc\u011fme<br \/>Direcci\u00f3n: Fevzipa\u015fa Mah.Ard\u0131\u00e7 Sokak No:4 Silivri \/ \u0130stanbul<br \/>Mail: info@finaldugme.com<\/p><\/div><\/div><\/div><\/div><\/div><\/div>\t\t\t\t\t\t<\/div>\n\t\t\t\t<\/div>\n\t\t\t\t\t<\/div>\n\t\t<\/div>\n\t\t\t\t\t\t\t<\/div>\n\t\t<\/section>\n\t\t\t\t\t\t\t<\/div>\n\t\t","protected":false},"excerpt":{"rendered":"<p>Como Final D\u00fc\u011fme; Hemos preparado este texto aclaratorio con el fin de informarle a usted, a nuestros Visitantes, Visitantes en l\u00ednea, Clientes, Clientes potenciales, Empleados de proveedores y Autoridades de&hellip;<\/p>\n","protected":false},"author":1,"featured_media":0,"parent":0,"menu_order":0,"comment_status":"closed","ping_status":"closed","template":"","meta":{"footnotes":""},"class_list":["post-27814","page","type-page","status-publish","hentry"],"aioseo_notices":[],"_links":{"self":[{"href":"https:\/\/finaldugme.com\/es\/wp-json\/wp\/v2\/pages\/27814","targetHints":{"allow":["GET"]}}],"collection":[{"href":"https:\/\/finaldugme.com\/es\/wp-json\/wp\/v2\/pages"}],"about":[{"href":"https:\/\/finaldugme.com\/es\/wp-json\/wp\/v2\/types\/page"}],"author":[{"embeddable":true,"href":"https:\/\/finaldugme.com\/es\/wp-json\/wp\/v2\/users\/1"}],"replies":[{"embeddable":true,"href":"https:\/\/finaldugme.com\/es\/wp-json\/wp\/v2\/comments?post=27814"}],"version-history":[{"count":10,"href":"https:\/\/finaldugme.com\/es\/wp-json\/wp\/v2\/pages\/27814\/revisions"}],"predecessor-version":[{"id":28125,"href":"https:\/\/finaldugme.com\/es\/wp-json\/wp\/v2\/pages\/27814\/revisions\/28125"}],"wp:attachment":[{"href":"https:\/\/finaldugme.com\/es\/wp-json\/wp\/v2\/media?parent=27814"}],"curies":[{"name":"wp","href":"https:\/\/api.w.org\/{rel}","templated":true}]}}