{"id":27679,"date":"2023-03-15T06:19:25","date_gmt":"2023-03-15T06:19:25","guid":{"rendered":"https:\/\/finalbuttons.com\/finestra\/"},"modified":"2023-06-19T14:33:34","modified_gmt":"2023-06-19T14:33:34","slug":"eventos-y-ferias","status":"publish","type":"page","link":"https:\/\/finaldugme.com\/es\/eventos-y-ferias\/","title":{"rendered":"Eventos y Ferias"},"content":{"rendered":"\t\t<div data-elementor-type=\"wp-page\" data-elementor-id=\"27679\" class=\"elementor elementor-27679\">\n\t\t\t\t\t\t\t\t\t<section class=\"elementor-section elementor-top-section elementor-element elementor-element-b145dfa elementor-section-boxed elementor-section-height-default elementor-section-height-default sc_fly_static\" data-id=\"b145dfa\" data-element_type=\"section\">\n\t\t\t\t\t\t<div class=\"elementor-container elementor-column-gap-extended\">\n\t\t\t\t\t<div class=\"elementor-column elementor-col-100 elementor-top-column elementor-element elementor-element-7c98796 sc_inner_width_none sc_content_align_inherit sc_layouts_column_icons_position_left sc_fly_static\" data-id=\"7c98796\" data-element_type=\"column\" data-settings=\"{&quot;background_background&quot;:&quot;classic&quot;}\">\n\t\t\t<div class=\"elementor-widget-wrap elementor-element-populated\">\n\t\t\t\t\t\t\t\t<div class=\"elementor-element elementor-element-9cfab4a sc_fly_static elementor-widget elementor-widget-heading\" data-id=\"9cfab4a\" data-element_type=\"widget\" data-widget_type=\"heading.default\">\n\t\t\t\t<div class=\"elementor-widget-container\">\n\t\t\t<h2 class=\"elementor-heading-title elementor-size-default\">Texhibition Estambul 08-10 de marzo de 2023<\/h2>\t\t<\/div>\n\t\t\t\t<\/div>\n\t\t\t\t\t<\/div>\n\t\t<\/div>\n\t\t\t\t\t\t\t<\/div>\n\t\t<\/section>\n\t\t\t\t<section class=\"elementor-section elementor-top-section elementor-element elementor-element-840d5e9 elementor-section-boxed elementor-section-height-default elementor-section-height-default sc_fly_static\" data-id=\"840d5e9\" data-element_type=\"section\">\n\t\t\t\t\t\t<div class=\"elementor-container elementor-column-gap-extended\">\n\t\t\t\t\t<div class=\"elementor-column elementor-col-50 elementor-top-column elementor-element elementor-element-928a4c8 sc_inner_width_none sc_content_align_inherit sc_layouts_column_icons_position_left sc_fly_static\" data-id=\"928a4c8\" data-element_type=\"column\" data-settings=\"{&quot;background_background&quot;:&quot;classic&quot;}\">\n\t\t\t<div class=\"elementor-widget-wrap elementor-element-populated\">\n\t\t\t\t\t\t\t\t<div class=\"elementor-element elementor-element-cd87fdb gallery-spacing-custom sc_fly_static elementor-widget elementor-widget-image-gallery\" data-id=\"cd87fdb\" data-element_type=\"widget\" data-widget_type=\"image-gallery.default\">\n\t\t\t\t<div class=\"elementor-widget-container\">\n\t\t\t\t\t<div class=\"elementor-image-gallery\">\n\t\t\t<div id='gallery-1' class='gallery galleryid-27679 gallery-columns-1 gallery-size-full'><figure class='gallery-item'>\n\t\t\t<div class='gallery-icon landscape'>\n\t\t\t\t<a data-elementor-open-lightbox=\"no\" href='https:\/\/finaldugme.com\/wp-content\/uploads\/2022\/05\/Screenshot_20221224_205154_Facebook.jpg'><img fetchpriority=\"high\" decoding=\"async\" width=\"904\" height=\"899\" src=\"https:\/\/finaldugme.com\/wp-content\/uploads\/2022\/05\/Screenshot_20221224_205154_Facebook.jpg\" class=\"attachment-full size-full\" alt=\"\" srcset=\"https:\/\/finaldugme.com\/wp-content\/uploads\/2022\/05\/Screenshot_20221224_205154_Facebook.jpg 904w, https:\/\/finaldugme.com\/wp-content\/uploads\/2022\/05\/Screenshot_20221224_205154_Facebook-300x298.jpg 300w, https:\/\/finaldugme.com\/wp-content\/uploads\/2022\/05\/Screenshot_20221224_205154_Facebook-150x150.jpg 150w, https:\/\/finaldugme.com\/wp-content\/uploads\/2022\/05\/Screenshot_20221224_205154_Facebook-768x764.jpg 768w, https:\/\/finaldugme.com\/wp-content\/uploads\/2022\/05\/Screenshot_20221224_205154_Facebook-370x368.jpg 370w, https:\/\/finaldugme.com\/wp-content\/uploads\/2022\/05\/Screenshot_20221224_205154_Facebook-120x120.jpg 120w, https:\/\/finaldugme.com\/wp-content\/uploads\/2022\/05\/Screenshot_20221224_205154_Facebook-840x835.jpg 840w, https:\/\/finaldugme.com\/wp-content\/uploads\/2022\/05\/Screenshot_20221224_205154_Facebook-410x408.jpg 410w, https:\/\/finaldugme.com\/wp-content\/uploads\/2022\/05\/Screenshot_20221224_205154_Facebook-600x597.jpg 600w\" sizes=\"(max-width: 904px) 100vw, 904px\" \/><\/a>\n\t\t\t<\/div><\/figure>\n\t\t<\/div>\n\t\t<\/div>\n\t\t\t\t<\/div>\n\t\t\t\t<\/div>\n\t\t\t\t\t<\/div>\n\t\t<\/div>\n\t\t\t\t<div class=\"elementor-column elementor-col-50 elementor-top-column elementor-element elementor-element-3dd732c sc_inner_width_none sc_content_align_inherit sc_layouts_column_icons_position_left sc_fly_static\" data-id=\"3dd732c\" data-element_type=\"column\" data-settings=\"{&quot;background_background&quot;:&quot;classic&quot;}\">\n\t\t\t<div class=\"elementor-widget-wrap elementor-element-populated\">\n\t\t\t\t\t\t\t\t<div class=\"elementor-element elementor-element-a506cca sc_fly_static elementor-widget elementor-widget-text-editor\" data-id=\"a506cca\" data-element_type=\"widget\" data-widget_type=\"text-editor.default\">\n\t\t\t\t<div class=\"elementor-widget-container\">\n\t\t\t\t\t\t\t<p>Miles de compradores calificados de 104 pa\u00edses, especialmente de pa\u00edses de la Uni\u00f3n Europea, Inglaterra, Estados Unidos, pa\u00edses del norte de \u00c1frica y Oriente Medio, visitaron la tercera feria donde 437 empresas exhibieron sus productos en un \u00e1rea de m\u00e1s de 15,000 metros cuadrados, con la participaci\u00f3n de empresas de tejidos, hilados y subindustrias de prendas de vestir.<\/p>\t\t\t\t\t\t<\/div>\n\t\t\t\t<\/div>\n\t\t\t\t\t<\/div>\n\t\t<\/div>\n\t\t\t\t\t\t\t<\/div>\n\t\t<\/section>\n\t\t\t\t<section class=\"elementor-section elementor-top-section elementor-element elementor-element-464550f elementor-section-boxed elementor-section-height-default elementor-section-height-default sc_fly_static\" data-id=\"464550f\" data-element_type=\"section\">\n\t\t\t\t\t\t<div class=\"elementor-container elementor-column-gap-default\">\n\t\t\t\t\t<div class=\"elementor-column elementor-col-100 elementor-top-column elementor-element elementor-element-0a5a830 sc_inner_width_none sc_content_align_inherit sc_layouts_column_icons_position_left sc_fly_static\" data-id=\"0a5a830\" data-element_type=\"column\" data-settings=\"{&quot;background_background&quot;:&quot;classic&quot;}\">\n\t\t\t<div class=\"elementor-widget-wrap elementor-element-populated\">\n\t\t\t\t\t\t\t\t<div class=\"elementor-element elementor-element-af9f4fc sc_fly_static elementor-widget elementor-widget-heading\" data-id=\"af9f4fc\" data-element_type=\"widget\" data-widget_type=\"heading.default\">\n\t\t\t\t<div class=\"elementor-widget-container\">\n\t\t\t<h2 class=\"elementor-heading-title elementor-size-default\">Intertext Portugal 02-04 de junio de 2022<\/h2>\t\t<\/div>\n\t\t\t\t<\/div>\n\t\t\t\t\t<\/div>\n\t\t<\/div>\n\t\t\t\t\t\t\t<\/div>\n\t\t<\/section>\n\t\t\t\t<section class=\"elementor-section elementor-top-section elementor-element elementor-element-baf6432 elementor-section-boxed elementor-section-height-default elementor-section-height-default sc_fly_static\" data-id=\"baf6432\" data-element_type=\"section\">\n\t\t\t\t\t\t<div class=\"elementor-container elementor-column-gap-extended\">\n\t\t\t\t\t<div class=\"elementor-column elementor-col-50 elementor-top-column elementor-element elementor-element-2dd7028 sc_inner_width_none sc_content_align_inherit sc_layouts_column_icons_position_left sc_fly_static\" data-id=\"2dd7028\" data-element_type=\"column\" data-settings=\"{&quot;background_background&quot;:&quot;classic&quot;}\">\n\t\t\t<div class=\"elementor-widget-wrap elementor-element-populated\">\n\t\t\t\t\t\t\t\t<div class=\"elementor-element elementor-element-1a07811 gallery-spacing-custom sc_fly_static elementor-widget elementor-widget-image-gallery\" data-id=\"1a07811\" data-element_type=\"widget\" data-widget_type=\"image-gallery.default\">\n\t\t\t\t<div class=\"elementor-widget-container\">\n\t\t\t\t\t<div class=\"elementor-image-gallery\">\n\t\t\t<div id='gallery-2' class='gallery galleryid-27679 gallery-columns-1 gallery-size-full'><figure class='gallery-item'>\n\t\t\t<div class='gallery-icon landscape'>\n\t\t\t\t<a data-elementor-open-lightbox=\"no\" href='https:\/\/finaldugme.com\/wp-content\/uploads\/2022\/05\/Intertex_Portugal_20211123150810_20211123150846.jpg'><img decoding=\"async\" width=\"720\" height=\"360\" src=\"https:\/\/finaldugme.com\/wp-content\/uploads\/2022\/05\/Intertex_Portugal_20211123150810_20211123150846.jpg\" class=\"attachment-full size-full\" alt=\"\" srcset=\"https:\/\/finaldugme.com\/wp-content\/uploads\/2022\/05\/Intertex_Portugal_20211123150810_20211123150846.jpg 720w, https:\/\/finaldugme.com\/wp-content\/uploads\/2022\/05\/Intertex_Portugal_20211123150810_20211123150846-300x150.jpg 300w, https:\/\/finaldugme.com\/wp-content\/uploads\/2022\/05\/Intertex_Portugal_20211123150810_20211123150846-370x185.jpg 370w, https:\/\/finaldugme.com\/wp-content\/uploads\/2022\/05\/Intertex_Portugal_20211123150810_20211123150846-410x205.jpg 410w, https:\/\/finaldugme.com\/wp-content\/uploads\/2022\/05\/Intertex_Portugal_20211123150810_20211123150846-600x300.jpg 600w\" sizes=\"(max-width: 720px) 100vw, 720px\" \/><\/a>\n\t\t\t<\/div><\/figure>\n\t\t<\/div>\n\t\t<\/div>\n\t\t\t\t<\/div>\n\t\t\t\t<\/div>\n\t\t\t\t\t<\/div>\n\t\t<\/div>\n\t\t\t\t<div class=\"elementor-column elementor-col-50 elementor-top-column elementor-element elementor-element-c4e6cfe sc_inner_width_none sc_content_align_inherit sc_layouts_column_icons_position_left sc_fly_static\" data-id=\"c4e6cfe\" data-element_type=\"column\" data-settings=\"{&quot;background_background&quot;:&quot;classic&quot;}\">\n\t\t\t<div class=\"elementor-widget-wrap elementor-element-populated\">\n\t\t\t\t\t\t\t\t<div class=\"elementor-element elementor-element-16c6cb9 sc_fly_static elementor-widget elementor-widget-text-editor\" data-id=\"16c6cb9\" data-element_type=\"widget\" data-widget_type=\"text-editor.default\">\n\t\t\t\t<div class=\"elementor-widget-container\">\n\t\t\t\t\t\t\t<p>Intertext Portugal 2022 re\u00fane a miles de profesionales del sector pertenecientes a la industria textil bajo un mismo techo entre el 02 y el 04 de junio de 2022 en Portugal. Marcando su \u00e9xito en el \u00e1mbito internacional, las principales empresas del sector se unen en busca de oportunidades de exportaci\u00f3n \u00fanicas, junto con el acceso a una red y colaboraciones empresariales completamente nuevas.<\/p>\t\t\t\t\t\t<\/div>\n\t\t\t\t<\/div>\n\t\t\t\t\t<\/div>\n\t\t<\/div>\n\t\t\t\t\t\t\t<\/div>\n\t\t<\/section>\n\t\t\t\t<section class=\"elementor-section elementor-top-section elementor-element elementor-element-ee4a8d5 elementor-section-boxed elementor-section-height-default elementor-section-height-default sc_fly_static\" data-id=\"ee4a8d5\" data-element_type=\"section\">\n\t\t\t\t\t\t<div class=\"elementor-container elementor-column-gap-extended\">\n\t\t\t\t\t<div class=\"elementor-column elementor-col-100 elementor-top-column elementor-element elementor-element-a6860d3 sc_inner_width_none sc_content_align_inherit sc_layouts_column_icons_position_left sc_fly_static\" data-id=\"a6860d3\" data-element_type=\"column\" data-settings=\"{&quot;background_background&quot;:&quot;classic&quot;}\">\n\t\t\t<div class=\"elementor-widget-wrap elementor-element-populated\">\n\t\t\t\t\t\t\t\t<div class=\"elementor-element elementor-element-02ffd29 sc_fly_static elementor-widget elementor-widget-heading\" data-id=\"02ffd29\" data-element_type=\"widget\" data-widget_type=\"heading.default\">\n\t\t\t\t<div class=\"elementor-widget-container\">\n\t\t\t<h2 class=\"elementor-heading-title elementor-size-default\">Maroc in Mode Marruecos 30-31 de marzo de 2022<\/h2>\t\t<\/div>\n\t\t\t\t<\/div>\n\t\t\t\t\t<\/div>\n\t\t<\/div>\n\t\t\t\t\t\t\t<\/div>\n\t\t<\/section>\n\t\t\t\t<section class=\"elementor-section elementor-top-section elementor-element elementor-element-3dc720a elementor-section-boxed elementor-section-height-default elementor-section-height-default sc_fly_static\" data-id=\"3dc720a\" data-element_type=\"section\">\n\t\t\t\t\t\t<div class=\"elementor-container elementor-column-gap-extended\">\n\t\t\t\t\t<div class=\"elementor-column elementor-col-50 elementor-top-column elementor-element elementor-element-6ba8ae9 sc_inner_width_none sc_content_align_inherit sc_layouts_column_icons_position_left sc_fly_static\" data-id=\"6ba8ae9\" data-element_type=\"column\" data-settings=\"{&quot;background_background&quot;:&quot;classic&quot;}\">\n\t\t\t<div class=\"elementor-widget-wrap elementor-element-populated\">\n\t\t\t\t\t\t\t\t<div class=\"elementor-element elementor-element-564ad60 gallery-spacing-custom sc_fly_static elementor-widget elementor-widget-image-gallery\" data-id=\"564ad60\" data-element_type=\"widget\" data-widget_type=\"image-gallery.default\">\n\t\t\t\t<div class=\"elementor-widget-container\">\n\t\t\t\t\t<div class=\"elementor-image-gallery\">\n\t\t\t<div id='gallery-3' class='gallery galleryid-27679 gallery-columns-1 gallery-size-full'><figure class='gallery-item'>\n\t\t\t<div class='gallery-icon landscape'>\n\t\t\t\t<a data-elementor-open-lightbox=\"no\" href='https:\/\/finaldugme.com\/wp-content\/uploads\/2022\/05\/MIM-1-1000x823-1.jpg'><img decoding=\"async\" width=\"1000\" height=\"823\" src=\"https:\/\/finaldugme.com\/wp-content\/uploads\/2022\/05\/MIM-1-1000x823-1.jpg\" class=\"attachment-full size-full\" alt=\"\" srcset=\"https:\/\/finaldugme.com\/wp-content\/uploads\/2022\/05\/MIM-1-1000x823-1.jpg 1000w, https:\/\/finaldugme.com\/wp-content\/uploads\/2022\/05\/MIM-1-1000x823-1-300x247.jpg 300w, https:\/\/finaldugme.com\/wp-content\/uploads\/2022\/05\/MIM-1-1000x823-1-768x632.jpg 768w, https:\/\/finaldugme.com\/wp-content\/uploads\/2022\/05\/MIM-1-1000x823-1-370x305.jpg 370w, https:\/\/finaldugme.com\/wp-content\/uploads\/2022\/05\/MIM-1-1000x823-1-840x691.jpg 840w, https:\/\/finaldugme.com\/wp-content\/uploads\/2022\/05\/MIM-1-1000x823-1-410x337.jpg 410w, https:\/\/finaldugme.com\/wp-content\/uploads\/2022\/05\/MIM-1-1000x823-1-600x494.jpg 600w\" sizes=\"(max-width: 1000px) 100vw, 1000px\" \/><\/a>\n\t\t\t<\/div><\/figure>\n\t\t<\/div>\n\t\t<\/div>\n\t\t\t\t<\/div>\n\t\t\t\t<\/div>\n\t\t\t\t\t<\/div>\n\t\t<\/div>\n\t\t\t\t<div class=\"elementor-column elementor-col-50 elementor-top-column elementor-element elementor-element-a20c253 sc_inner_width_none sc_content_align_inherit sc_layouts_column_icons_position_left sc_fly_static\" data-id=\"a20c253\" data-element_type=\"column\" data-settings=\"{&quot;background_background&quot;:&quot;classic&quot;}\">\n\t\t\t<div class=\"elementor-widget-wrap elementor-element-populated\">\n\t\t\t\t\t\t\t\t<div class=\"elementor-element elementor-element-9b1cf0d sc_fly_static elementor-widget elementor-widget-text-editor\" data-id=\"9b1cf0d\" data-element_type=\"widget\" data-widget_type=\"text-editor.default\">\n\t\t\t\t<div class=\"elementor-widget-container\">\n\t\t\t\t\t\t\t<p>MIM: la feria internacional de comercio para textiles y prendas de vestir, es el punto de encuentro para los profesionales de la moda y la industria textil en Marruecos desde 2003. Organizado por la Asociaci\u00f3n Marroqu\u00ed de Industrias Textiles y de la Confecci\u00f3n (Association Marocaine des Industries du Textile et de l&#8217;Habillement &#8211; AMITH), la feria es una s\u00f3lida plataforma para reuniones profesionales que ofrece una experiencia diversa e inclusiva.<\/p>\t\t\t\t\t\t<\/div>\n\t\t\t\t<\/div>\n\t\t\t\t\t<\/div>\n\t\t<\/div>\n\t\t\t\t\t\t\t<\/div>\n\t\t<\/section>\n\t\t\t\t<section class=\"elementor-section elementor-top-section elementor-element elementor-element-ce7b932 elementor-section-boxed elementor-section-height-default elementor-section-height-default sc_fly_static\" data-id=\"ce7b932\" data-element_type=\"section\">\n\t\t\t\t\t\t<div class=\"elementor-container elementor-column-gap-extended\">\n\t\t\t\t\t<div class=\"elementor-column elementor-col-100 elementor-top-column elementor-element elementor-element-f5c1827 sc_inner_width_none sc_content_align_inherit sc_layouts_column_icons_position_left sc_fly_static\" data-id=\"f5c1827\" data-element_type=\"column\" data-settings=\"{&quot;background_background&quot;:&quot;classic&quot;}\">\n\t\t\t<div class=\"elementor-widget-wrap elementor-element-populated\">\n\t\t\t\t\t\t\t\t<div class=\"elementor-element elementor-element-62eb72b sc_fly_static elementor-widget elementor-widget-heading\" data-id=\"62eb72b\" data-element_type=\"widget\" data-widget_type=\"heading.default\">\n\t\t\t\t<div class=\"elementor-widget-container\">\n\t\t\t<h2 class=\"elementor-heading-title elementor-size-default\">Textillexprom Rusia 28 de febrero - 3 de marzo de 2022<\/h2>\t\t<\/div>\n\t\t\t\t<\/div>\n\t\t\t\t\t<\/div>\n\t\t<\/div>\n\t\t\t\t\t\t\t<\/div>\n\t\t<\/section>\n\t\t\t\t<section class=\"elementor-section elementor-top-section elementor-element elementor-element-019fdb9 elementor-section-boxed elementor-section-height-default elementor-section-height-default sc_fly_static\" data-id=\"019fdb9\" data-element_type=\"section\">\n\t\t\t\t\t\t<div class=\"elementor-container elementor-column-gap-extended\">\n\t\t\t\t\t<div class=\"elementor-column elementor-col-50 elementor-top-column elementor-element elementor-element-c32a34e sc_inner_width_none sc_content_align_inherit sc_layouts_column_icons_position_left sc_fly_static\" data-id=\"c32a34e\" data-element_type=\"column\" data-settings=\"{&quot;background_background&quot;:&quot;classic&quot;}\">\n\t\t\t<div class=\"elementor-widget-wrap elementor-element-populated\">\n\t\t\t\t\t\t\t\t<div class=\"elementor-element elementor-element-868bde8 gallery-spacing-custom sc_fly_static elementor-widget elementor-widget-image-gallery\" data-id=\"868bde8\" data-element_type=\"widget\" data-widget_type=\"image-gallery.default\">\n\t\t\t\t<div class=\"elementor-widget-container\">\n\t\t\t\t\t<div class=\"elementor-image-gallery\">\n\t\t\t<div id='gallery-4' class='gallery galleryid-27679 gallery-columns-1 gallery-size-full'><figure class='gallery-item'>\n\t\t\t<div class='gallery-icon landscape'>\n\t\t\t\t<a data-elementor-open-lightbox=\"no\" href='https:\/\/finaldugme.com\/wp-content\/uploads\/2022\/05\/5b8503899efc4e5d99ae53ce1039d1f7.jpg'><img loading=\"lazy\" decoding=\"async\" width=\"500\" height=\"500\" src=\"https:\/\/finaldugme.com\/wp-content\/uploads\/2022\/05\/5b8503899efc4e5d99ae53ce1039d1f7.jpg\" class=\"attachment-full size-full\" alt=\"\" srcset=\"https:\/\/finaldugme.com\/wp-content\/uploads\/2022\/05\/5b8503899efc4e5d99ae53ce1039d1f7.jpg 500w, https:\/\/finaldugme.com\/wp-content\/uploads\/2022\/05\/5b8503899efc4e5d99ae53ce1039d1f7-300x300.jpg 300w, https:\/\/finaldugme.com\/wp-content\/uploads\/2022\/05\/5b8503899efc4e5d99ae53ce1039d1f7-150x150.jpg 150w, https:\/\/finaldugme.com\/wp-content\/uploads\/2022\/05\/5b8503899efc4e5d99ae53ce1039d1f7-370x370.jpg 370w, https:\/\/finaldugme.com\/wp-content\/uploads\/2022\/05\/5b8503899efc4e5d99ae53ce1039d1f7-120x120.jpg 120w, https:\/\/finaldugme.com\/wp-content\/uploads\/2022\/05\/5b8503899efc4e5d99ae53ce1039d1f7-410x410.jpg 410w\" sizes=\"(max-width: 600px) 100vw, 500px\" \/><\/a>\n\t\t\t<\/div><\/figure>\n\t\t<\/div>\n\t\t<\/div>\n\t\t\t\t<\/div>\n\t\t\t\t<\/div>\n\t\t\t\t\t<\/div>\n\t\t<\/div>\n\t\t\t\t<div class=\"elementor-column elementor-col-50 elementor-top-column elementor-element elementor-element-6c97b25 sc_inner_width_none sc_content_align_inherit sc_layouts_column_icons_position_left sc_fly_static\" data-id=\"6c97b25\" data-element_type=\"column\" data-settings=\"{&quot;background_background&quot;:&quot;classic&quot;}\">\n\t\t\t<div class=\"elementor-widget-wrap elementor-element-populated\">\n\t\t\t\t\t\t\t\t<div class=\"elementor-element elementor-element-e0fa361 sc_fly_static elementor-widget elementor-widget-text-editor\" data-id=\"e0fa361\" data-element_type=\"widget\" data-widget_type=\"text-editor.default\">\n\t\t\t\t<div class=\"elementor-widget-container\">\n\t\t\t\t\t\t\t<p>TEXTILLEGPROM ha creado las condiciones m\u00e1s c\u00f3modas para un trabajo constructivo y efectivo para los participantes y visitantes profesionales. El programa empresarial sirve como punto de encuentro para funcionarios, altos directivos y especialistas de la industria textil y ligera en todo el pa\u00eds.<\/p>\t\t\t\t\t\t<\/div>\n\t\t\t\t<\/div>\n\t\t\t\t\t<\/div>\n\t\t<\/div>\n\t\t\t\t\t\t\t<\/div>\n\t\t<\/section>\n\t\t\t\t\t\t\t<\/div>\n\t\t","protected":false},"excerpt":{"rendered":"<p>Texhibition Estambul 08-10 de marzo de 2023 Miles de compradores calificados de 104 pa\u00edses, especialmente de pa\u00edses de la Uni\u00f3n Europea, Inglaterra, Estados Unidos, pa\u00edses del norte de \u00c1frica y&hellip;<\/p>\n","protected":false},"author":1,"featured_media":0,"parent":0,"menu_order":0,"comment_status":"closed","ping_status":"closed","template":"","meta":{"footnotes":""},"class_list":["post-27679","page","type-page","status-publish","hentry"],"aioseo_notices":[],"_links":{"self":[{"href":"https:\/\/finaldugme.com\/es\/wp-json\/wp\/v2\/pages\/27679","targetHints":{"allow":["GET"]}}],"collection":[{"href":"https:\/\/finaldugme.com\/es\/wp-json\/wp\/v2\/pages"}],"about":[{"href":"https:\/\/finaldugme.com\/es\/wp-json\/wp\/v2\/types\/page"}],"author":[{"embeddable":true,"href":"https:\/\/finaldugme.com\/es\/wp-json\/wp\/v2\/users\/1"}],"replies":[{"embeddable":true,"href":"https:\/\/finaldugme.com\/es\/wp-json\/wp\/v2\/comments?post=27679"}],"version-history":[{"count":34,"href":"https:\/\/finaldugme.com\/es\/wp-json\/wp\/v2\/pages\/27679\/revisions"}],"predecessor-version":[{"id":28916,"href":"https:\/\/finaldugme.com\/es\/wp-json\/wp\/v2\/pages\/27679\/revisions\/28916"}],"wp:attachment":[{"href":"https:\/\/finaldugme.com\/es\/wp-json\/wp\/v2\/media?parent=27679"}],"curies":[{"name":"wp","href":"https:\/\/api.w.org\/{rel}","templated":true}]}}