{"id":25992,"date":"2023-03-14T21:27:00","date_gmt":"2023-03-14T21:27:00","guid":{"rendered":"http:\/\/www.demsas.tradebursa.com\/uretim-asamalari\/"},"modified":"2023-05-30T11:16:54","modified_gmt":"2023-05-30T11:16:54","slug":"production-process","status":"publish","type":"page","link":"https:\/\/finaldugme.com\/en\/production-process\/","title":{"rendered":"Production"},"content":{"rendered":"\t\t<div data-elementor-type=\"wp-page\" data-elementor-id=\"25992\" class=\"elementor elementor-25992\">\n\t\t\t\t\t\t\t\t\t<section class=\"elementor-section elementor-top-section elementor-element elementor-element-bf1b8fb elementor-section-full_width elementor-section-height-default elementor-section-height-default sc_fly_static\" data-id=\"bf1b8fb\" data-element_type=\"section\">\n\t\t\t\t\t\t<div class=\"elementor-container elementor-column-gap-no\">\n\t\t\t\t\t<div class=\"elementor-column elementor-col-100 elementor-top-column elementor-element elementor-element-8e566db sc_inner_width_none sc_content_align_inherit sc_layouts_column_icons_position_left sc_fly_static\" data-id=\"8e566db\" data-element_type=\"column\">\n\t\t\t<div class=\"elementor-widget-wrap elementor-element-populated\">\n\t\t\t\t\t\t\t\t<div class=\"elementor-element elementor-element-c9b52f1 sc_height_small sc_fly_static elementor-widget elementor-widget-spacer\" data-id=\"c9b52f1\" data-element_type=\"widget\" data-widget_type=\"spacer.default\">\n\t\t\t\t<div class=\"elementor-widget-container\">\n\t\t\t\t\t<div class=\"elementor-spacer\">\n\t\t\t<div class=\"elementor-spacer-inner\"><\/div>\n\t\t<\/div>\n\t\t\t\t<\/div>\n\t\t\t\t<\/div>\n\t\t\t\t<section class=\"elementor-section elementor-inner-section elementor-element elementor-element-915b289 elementor-section-boxed elementor-section-height-default elementor-section-height-default sc_fly_static\" data-id=\"915b289\" data-element_type=\"section\">\n\t\t\t\t\t\t<div class=\"elementor-container elementor-column-gap-extended\">\n\t\t\t\t\t<div class=\"elementor-column elementor-col-100 elementor-inner-column elementor-element elementor-element-37c31e5 sc_inner_width_none sc_content_align_inherit sc_layouts_column_icons_position_left sc_fly_static\" data-id=\"37c31e5\" data-element_type=\"column\">\n\t\t\t<div class=\"elementor-widget-wrap elementor-element-populated\">\n\t\t\t\t\t\t\t\t<div class=\"elementor-element elementor-element-cd974f5 animation_type_sequental sc_fly_static elementor-invisible elementor-widget elementor-widget-trx_sc_services\" data-id=\"cd974f5\" data-element_type=\"widget\" data-settings=\"{&quot;_animation&quot;:&quot;wd-fadeinup&quot;,&quot;_animation_delay&quot;:100}\" data-widget_type=\"trx_sc_services.default\">\n\t\t\t\t<div class=\"elementor-widget-container\">\n\t\t\t<div class=\"sc_services color_style_dark sc_services_cool sc_services_featured_top\"><div class=\"sc_services_columns_wrap sc_item_columns sc_item_posts_container sc_item_columns_5 trx_addons_columns_wrap columns_padding_bottom\"><div class=\"trx_addons_column-1_5 trx_addons_column-1_2-tablet\"><div data-post-id=\"26053\" class=\"sc_services_item sc_item_container post_container without_content with_more with_image sc_services_item_featured_none post-26053 cpt_services type-cpt_services status-publish has-post-thumbnail hentry cpt_services_group-production-processes\">\n\t\t<div class=\"sc_services_item_content \" style=\"background-image: url(https:\/\/finaldugme.com\/wp-content\/uploads\/2022\/10\/URUN-SAYFASI-BUYUK-FOTOGRAF-840x560.jpg);\">\n\t\t\t\t<div class=\"sc_services_item_content_inner\"><div class=\"sc_services_item_content_inner_bottom\">\n                <h6 class=\"sc_services_item_title\"><a href=\"https:\/\/finaldugme.com\/en\/services\/buckles\/\">BUCKLES<\/a><\/h6>\n                <div class=\"sc_services_item_button sc_item_button\">\n                    <a href=\"https:\/\/finaldugme.com\/en\/services\/buckles\/\" class=\"sc_services_item_more_link\">\n                        <span class=\"link_text\">Read more<\/span><span class=\"link_icon\"><\/span>\n                    <\/a>\n                    <\/div><\/div><\/div><a class=\"sc_services_item_link\" href=\"https:\/\/finaldugme.com\/en\/services\/buckles\/\"><\/a><\/div><\/div><\/div><div class=\"trx_addons_column-1_5 trx_addons_column-1_2-tablet\"><div data-post-id=\"26051\" class=\"sc_services_item sc_item_container post_container without_content with_more with_image sc_services_item_featured_none post-26051 cpt_services type-cpt_services status-publish has-post-thumbnail hentry cpt_services_group-production-processes\">\n\t\t<div class=\"sc_services_item_content \" style=\"background-image: url(https:\/\/finaldugme.com\/wp-content\/uploads\/2023\/05\/Covered-Loopback-Buttons-840x840.jpg);\">\n\t\t\t\t<div class=\"sc_services_item_content_inner\"><div class=\"sc_services_item_content_inner_bottom\">\n                <h6 class=\"sc_services_item_title\"><a href=\"https:\/\/finaldugme.com\/en\/services\/covered-button\/\">COVERED BUTTON<\/a><\/h6>\n                <div class=\"sc_services_item_button sc_item_button\">\n                    <a href=\"https:\/\/finaldugme.com\/en\/services\/covered-button\/\" class=\"sc_services_item_more_link\">\n                        <span class=\"link_text\">Read more<\/span><span class=\"link_icon\"><\/span>\n                    <\/a>\n                    <\/div><\/div><\/div><a class=\"sc_services_item_link\" href=\"https:\/\/finaldugme.com\/en\/services\/covered-button\/\"><\/a><\/div><\/div><\/div><div class=\"trx_addons_column-1_5 trx_addons_column-1_2-tablet\"><div data-post-id=\"26047\" class=\"sc_services_item sc_item_container post_container without_content with_more with_image sc_services_item_featured_none post-26047 cpt_services type-cpt_services status-publish has-post-thumbnail hentry\">\n\t\t<div class=\"sc_services_item_content \" style=\"background-image: url(https:\/\/finaldugme.com\/wp-content\/uploads\/2022\/10\/anchor-metal-shank-button-marine-24_453041_068_ZB01.jpg);\">\n\t\t\t\t<div class=\"sc_services_item_content_inner\"><div class=\"sc_services_item_content_inner_bottom\">\n                <h6 class=\"sc_services_item_title\"><a href=\"https:\/\/finaldugme.com\/en\/services\/metal-button\/\">METAL BUTTON<\/a><\/h6>\n                <div class=\"sc_services_item_button sc_item_button\">\n                    <a href=\"https:\/\/finaldugme.com\/en\/services\/metal-button\/\" class=\"sc_services_item_more_link\">\n                        <span class=\"link_text\">Read more<\/span><span class=\"link_icon\"><\/span>\n                    <\/a>\n                    <\/div><\/div><\/div><a class=\"sc_services_item_link\" href=\"https:\/\/finaldugme.com\/en\/services\/metal-button\/\"><\/a><\/div><\/div><\/div><div class=\"trx_addons_column-1_5 trx_addons_column-1_2-tablet\"><div data-post-id=\"26045\" class=\"sc_services_item sc_item_container post_container without_content with_more with_image sc_services_item_featured_none post-26045 cpt_services type-cpt_services status-publish has-post-thumbnail hentry cpt_services_group-production-processes\">\n\t\t<div class=\"sc_services_item_content \" style=\"background-image: url(https:\/\/finaldugme.com\/wp-content\/uploads\/2022\/10\/ana-fotograf-2.jpg);\">\n\t\t\t\t<div class=\"sc_services_item_content_inner\"><div class=\"sc_services_item_content_inner_bottom\">\n                <h6 class=\"sc_services_item_title\"><a href=\"https:\/\/finaldugme.com\/en\/services\/wood-button\/\">WOOD BUTTON<\/a><\/h6>\n                <div class=\"sc_services_item_button sc_item_button\">\n                    <a href=\"https:\/\/finaldugme.com\/en\/services\/wood-button\/\" class=\"sc_services_item_more_link\">\n                        <span class=\"link_text\">Read more<\/span><span class=\"link_icon\"><\/span>\n                    <\/a>\n                    <\/div><\/div><\/div><a class=\"sc_services_item_link\" href=\"https:\/\/finaldugme.com\/en\/services\/wood-button\/\"><\/a><\/div><\/div><\/div><div class=\"trx_addons_column-1_5 trx_addons_column-1_2-tablet\"><div data-post-id=\"26043\" class=\"sc_services_item sc_item_container post_container without_content with_more with_image sc_services_item_featured_none post-26043 cpt_services type-cpt_services status-publish has-post-thumbnail hentry cpt_services_group-production-processes\">\n\t\t<div class=\"sc_services_item_content \" style=\"background-image: url(https:\/\/finaldugme.com\/wp-content\/uploads\/2022\/10\/ana-fotograf-coco-840x560.jpg);\">\n\t\t\t\t<div class=\"sc_services_item_content_inner\"><div class=\"sc_services_item_content_inner_bottom\">\n                <h6 class=\"sc_services_item_title\"><a href=\"https:\/\/finaldugme.com\/en\/services\/coconut-button\/\">COCONUT BUTTON<\/a><\/h6>\n                <div class=\"sc_services_item_button sc_item_button\">\n                    <a href=\"https:\/\/finaldugme.com\/en\/services\/coconut-button\/\" class=\"sc_services_item_more_link\">\n                        <span class=\"link_text\">Read more<\/span><span class=\"link_icon\"><\/span>\n                    <\/a>\n                    <\/div><\/div><\/div><a class=\"sc_services_item_link\" href=\"https:\/\/finaldugme.com\/en\/services\/coconut-button\/\"><\/a><\/div><\/div><\/div><div class=\"trx_addons_column-1_5 trx_addons_column-1_2-tablet\"><div data-post-id=\"26041\" class=\"sc_services_item sc_item_container post_container without_content with_more with_image sc_services_item_featured_none post-26041 cpt_services type-cpt_services status-publish has-post-thumbnail hentry cpt_services_group-production-processes\">\n\t\t<div class=\"sc_services_item_content \" style=\"background-image: url(https:\/\/finaldugme.com\/wp-content\/uploads\/2022\/10\/IMG_071502_1920x_crop_center-840x560.jpg);\">\n\t\t\t\t<div class=\"sc_services_item_content_inner\"><div class=\"sc_services_item_content_inner_bottom\">\n                <h6 class=\"sc_services_item_title\"><a href=\"https:\/\/finaldugme.com\/en\/services\/korozo-button\/\">KOROZO BUTTON<\/a><\/h6>\n                <div class=\"sc_services_item_button sc_item_button\">\n                    <a href=\"https:\/\/finaldugme.com\/en\/services\/korozo-button\/\" class=\"sc_services_item_more_link\">\n                        <span class=\"link_text\">Read more<\/span><span class=\"link_icon\"><\/span>\n                    <\/a>\n                    <\/div><\/div><\/div><a class=\"sc_services_item_link\" href=\"https:\/\/finaldugme.com\/en\/services\/korozo-button\/\"><\/a><\/div><\/div><\/div><div class=\"trx_addons_column-1_5 trx_addons_column-1_2-tablet\"><div data-post-id=\"26039\" class=\"sc_services_item sc_item_container post_container without_content with_more with_image sc_services_item_featured_none post-26039 cpt_services type-cpt_services status-publish has-post-thumbnail hentry cpt_services_group-production-processes\">\n\t\t<div class=\"sc_services_item_content \" style=\"background-image: url(https:\/\/finaldugme.com\/wp-content\/uploads\/2022\/10\/ANA-FOTOGRAF-1-840x560.jpg);\">\n\t\t\t\t<div class=\"sc_services_item_content_inner\"><div class=\"sc_services_item_content_inner_bottom\">\n                <h6 class=\"sc_services_item_title\"><a href=\"https:\/\/finaldugme.com\/en\/services\/rod-button\/\">ROD BUTTON<\/a><\/h6>\n                <div class=\"sc_services_item_button sc_item_button\">\n                    <a href=\"https:\/\/finaldugme.com\/en\/services\/rod-button\/\" class=\"sc_services_item_more_link\">\n                        <span class=\"link_text\">Read more<\/span><span class=\"link_icon\"><\/span>\n                    <\/a>\n                    <\/div><\/div><\/div><a class=\"sc_services_item_link\" href=\"https:\/\/finaldugme.com\/en\/services\/rod-button\/\"><\/a><\/div><\/div><\/div><div class=\"trx_addons_column-1_5 trx_addons_column-1_2-tablet\"><div data-post-id=\"26036\" class=\"sc_services_item sc_item_container post_container without_content with_more with_image sc_services_item_featured_none post-26036 cpt_services type-cpt_services status-publish has-post-thumbnail hentry cpt_services_group-production-processes\">\n\t\t<div class=\"sc_services_item_content \" style=\"background-image: url(https:\/\/finaldugme.com\/wp-content\/uploads\/2022\/10\/ANA-FOTOGRAF-840x560.jpg);\">\n\t\t\t\t<div class=\"sc_services_item_content_inner\"><div class=\"sc_services_item_content_inner_bottom\">\n                <h6 class=\"sc_services_item_title\"><a href=\"https:\/\/finaldugme.com\/en\/services\/pearl-button\/\">PEARL BUTTON<\/a><\/h6>\n                <div class=\"sc_services_item_button sc_item_button\">\n                    <a href=\"https:\/\/finaldugme.com\/en\/services\/pearl-button\/\" class=\"sc_services_item_more_link\">\n                        <span class=\"link_text\">Read more<\/span><span class=\"link_icon\"><\/span>\n                    <\/a>\n                    <\/div><\/div><\/div><a class=\"sc_services_item_link\" href=\"https:\/\/finaldugme.com\/en\/services\/pearl-button\/\"><\/a><\/div><\/div><\/div><div class=\"trx_addons_column-1_5 trx_addons_column-1_2-tablet\"><div data-post-id=\"26037\" class=\"sc_services_item sc_item_container post_container without_content with_more with_image sc_services_item_featured_none post-26037 cpt_services type-cpt_services status-publish has-post-thumbnail hentry cpt_services_group-production-processes\">\n\t\t<div class=\"sc_services_item_content \" style=\"background-image: url(https:\/\/finaldugme.com\/wp-content\/uploads\/2023\/03\/ANA-FOTOGRAF-840x560.jpg);\">\n\t\t\t\t<div class=\"sc_services_item_content_inner\"><div class=\"sc_services_item_content_inner_bottom\">\n                <h6 class=\"sc_services_item_title\"><a href=\"https:\/\/finaldugme.com\/en\/services\/polyester-button\/\">POLYESTER BUTTON<\/a><\/h6>\n                <div class=\"sc_services_item_button sc_item_button\">\n                    <a href=\"https:\/\/finaldugme.com\/en\/services\/polyester-button\/\" class=\"sc_services_item_more_link\">\n                        <span class=\"link_text\">Read more<\/span><span class=\"link_icon\"><\/span>\n                    <\/a>\n                    <\/div><\/div><\/div><a class=\"sc_services_item_link\" href=\"https:\/\/finaldugme.com\/en\/services\/polyester-button\/\"><\/a><\/div><\/div><\/div><div class=\"trx_addons_column-1_5 trx_addons_column-1_2-tablet\"><div data-post-id=\"28446\" class=\"sc_services_item sc_item_container post_container without_content with_more with_image sc_services_item_featured_none post-28446 cpt_services type-cpt_services status-publish has-post-thumbnail hentry cpt_services_group-production-processes\">\n\t\t<div class=\"sc_services_item_content \" style=\"background-image: url(https:\/\/finaldugme.com\/wp-content\/uploads\/2023\/05\/ana-fotograf-cord.jpg);\">\n\t\t\t\t<div class=\"sc_services_item_content_inner\"><div class=\"sc_services_item_content_inner_bottom\">\n                <h6 class=\"sc_services_item_title\"><a href=\"https:\/\/finaldugme.com\/en\/services\/cord-end-stopper\/\">CORD END &#038; STOPPER<\/a><\/h6>\n                <div class=\"sc_services_item_button sc_item_button\">\n                    <a href=\"https:\/\/finaldugme.com\/en\/services\/cord-end-stopper\/\" class=\"sc_services_item_more_link\">\n                        <span class=\"link_text\">Read more<\/span><span class=\"link_icon\"><\/span>\n                    <\/a>\n                    <\/div><\/div><\/div><a class=\"sc_services_item_link\" href=\"https:\/\/finaldugme.com\/en\/services\/cord-end-stopper\/\"><\/a><\/div><\/div><\/div><\/div><\/div>\t\t<\/div>\n\t\t\t\t<\/div>\n\t\t\t\t\t<\/div>\n\t\t<\/div>\n\t\t\t\t\t\t\t<\/div>\n\t\t<\/section>\n\t\t\t\t<div class=\"elementor-element elementor-element-a217b4a sc_height_large sc_fly_static elementor-widget elementor-widget-spacer\" data-id=\"a217b4a\" data-element_type=\"widget\" data-widget_type=\"spacer.default\">\n\t\t\t\t<div class=\"elementor-widget-container\">\n\t\t\t\t\t<div class=\"elementor-spacer\">\n\t\t\t<div class=\"elementor-spacer-inner\"><\/div>\n\t\t<\/div>\n\t\t\t\t<\/div>\n\t\t\t\t<\/div>\n\t\t\t\t\t<\/div>\n\t\t<\/div>\n\t\t\t\t\t\t\t<\/div>\n\t\t<\/section>\n\t\t\t\t\t\t\t<\/div>\n\t\t","protected":false},"excerpt":{"rendered":"<p>TOKALAR Read more KUMA\u015e KAPLI D\u00dc\u011eME Read more METAL D\u00dc\u011eME Read more AH\u015eAP D\u00dc\u011eME Read more KOKONAT D\u00dc\u011eME Read more KOROZO D\u00dc\u011eME Read more \u00c7UBUK D\u00dc\u011eME Read more SEDEF D\u00dc\u011eME&hellip;<\/p>\n","protected":false},"author":1,"featured_media":0,"parent":0,"menu_order":0,"comment_status":"closed","ping_status":"closed","template":"","meta":{"footnotes":""},"class_list":["post-25992","page","type-page","status-publish","hentry"],"aioseo_notices":[],"_links":{"self":[{"href":"https:\/\/finaldugme.com\/en\/wp-json\/wp\/v2\/pages\/25992","targetHints":{"allow":["GET"]}}],"collection":[{"href":"https:\/\/finaldugme.com\/en\/wp-json\/wp\/v2\/pages"}],"about":[{"href":"https:\/\/finaldugme.com\/en\/wp-json\/wp\/v2\/types\/page"}],"author":[{"embeddable":true,"href":"https:\/\/finaldugme.com\/en\/wp-json\/wp\/v2\/users\/1"}],"replies":[{"embeddable":true,"href":"https:\/\/finaldugme.com\/en\/wp-json\/wp\/v2\/comments?post=25992"}],"version-history":[{"count":18,"href":"https:\/\/finaldugme.com\/en\/wp-json\/wp\/v2\/pages\/25992\/revisions"}],"predecessor-version":[{"id":28500,"href":"https:\/\/finaldugme.com\/en\/wp-json\/wp\/v2\/pages\/25992\/revisions\/28500"}],"wp:attachment":[{"href":"https:\/\/finaldugme.com\/en\/wp-json\/wp\/v2\/media?parent=25992"}],"curies":[{"name":"wp","href":"https:\/\/api.w.org\/{rel}","templated":true}]}}